{"id":6088,"date":"2017-06-20T08:27:39","date_gmt":"2017-06-20T08:27:39","guid":{"rendered":"https:\/\/vb.c-huebschen.de\/?page_id=6088"},"modified":"2020-11-24T19:45:05","modified_gmt":"2020-11-24T19:45:05","slug":"impressum","status":"publish","type":"page","link":"https:\/\/itberatungsleistungen.de\/?page_id=6088","title":{"rendered":"Impressum"},"content":{"rendered":"<section class=\"l-section wpb_row height_auto width_full color_primary\"><div class=\"l-section-h i-cf\"><div class=\"g-cols vc_row via_flex valign_top type_default stacking_default\"><div class=\"vc_col-sm-12 wpb_column vc_column_container\"><div class=\"vc_column-inner\"><div class=\"wpb_wrapper\">\n\t\t\t<!-- START impressum REVOLUTION SLIDER 6.7.40 --><p class=\"rs-p-wp-fix\"><\/p>\n\t\t\t<rs-module-wrap id=\"rev_slider_4_1_wrapper\" data-source=\"gallery\" style=\"visibility:hidden;background:transparent;padding:0;margin:0px auto;margin-top:0;margin-bottom:0;\">\n\t\t\t\t<rs-module id=\"rev_slider_4_1\" style=\"\" data-version=\"6.7.40\">\n\t\t\t\t\t<rs-slides style=\"overflow: hidden; position: absolute;\">\n\t\t\t\t\t\t<rs-slide style=\"position: absolute;\" data-key=\"rs-8\" data-title=\"Slide\" data-anim=\"ms:600;r:0;\" data-in=\"o:0;\" data-out=\"a:false;\">\n\t\t\t\t\t\t\t<img decoding=\"async\" src=\"\/\/itberatungsleistungen.de\/wp-content\/plugins\/revslider\/sr6\/assets\/assets\/dummy.png\" alt=\"\" title=\"impressum_01\" width=\"964\" height=\"360\" class=\"rev-slidebg tp-rs-img rs-lazyload\" data-lazyload=\"\/\/itberatungsleistungen.de\/wp-content\/uploads\/2016\/12\/impressum_01.jpg\" data-parallax=\"off\" data-no-retina>\n<!---->\t\t\t\t\t<\/rs-slide>\n\t\t\t\t\t<\/rs-slides>\n\t\t\t\t<\/rs-module>\n\t\t\t\t<script>\n\t\t\t\t\tsetREVStartSize({c: 'rev_slider_4_1',rl:[1024,1024,778,480],el:[600,600,500,400],gw:[1240,1024,778,480],gh:[600,600,500,400],type:'standard',justify:'',layout:'fullwidth',mh:\"0\"});if (window.RS_MODULES!==undefined && window.RS_MODULES.modules!==undefined && window.RS_MODULES.modules[\"revslider41\"]!==undefined) {window.RS_MODULES.modules[\"revslider41\"].once = false;window.revapi4 = undefined;if (window.RS_MODULES.checkMinimal!==undefined) window.RS_MODULES.checkMinimal()}\n\t\t\t\t<\/script>\n\t\t\t<\/rs-module-wrap>\n\t\t\t<!-- END REVOLUTION SLIDER -->\n<\/div><\/div><\/div><\/div><\/div><\/section>\n<h1 style=\"padding-left: 160px;\"><span style=\"font-size: 26pt;\">Impressum<\/span><\/h1>\n<p style=\"padding-left: 200px;\"><span style=\"font-size: 10pt;\">Angaben gem\u00e4\u00df \u00a7 5 TMG:<\/span><br \/>\n<span style=\"font-size: 10pt;\">&#8222;http:\/\/www.itberatungsleistungen.de&#8220;<\/span><br \/>\n<span style=\"font-size: 10pt;\">&#8222;http:\/\/www.it-beratungsleistungen.de&#8220;<\/span><br \/>\n<span style=\"font-size: 10pt;\">&#8222;http:\/\/www.itberatungsleistung.de&#8220;<\/span><br \/>\n<span style=\"font-size: 10pt;\">&#8222;http:\/\/www.it-beratungsleistung.de&#8220;<\/span><br \/>\n<span style=\"font-size: 10pt;\">&#8222;http:\/\/www.it-b24.de&#8220;<\/span><br \/>\n<span style=\"font-size: 10pt;\">&#8222;http:\/\/www.c-huebschen.de&#8220;<\/span><\/p>\n<p style=\"padding-left: 200px;\"><span style=\"font-size: 10pt;\">IT-Beratungsleistungen<\/span><br \/>\n<span style=\"font-size: 10pt;\">Christian H\u00fcbschen<\/span><\/p>\n<p style=\"padding-left: 200px;\"><span style=\"font-size: 10pt;\">Eichelweg 11<\/span><br \/>\n<span style=\"font-size: 10pt;\">61276 Weilrod<\/span><\/p>\n<p style=\"padding-left: 200px;\"><span style=\"font-size: 10pt;\">Telefon: 0 60 83 &#8211; 95 89 46<\/span><br \/>\n<span style=\"font-size: 10pt;\">Telefax: 0 60 83 &#8211; 95 99 78 7<\/span><\/p>\n<p style=\"padding-left: 200px;\"><span style=\"font-size: 10pt;\">USt-IdNr.: DE 246008486<\/span><\/p>\n<p style=\"padding-left: 200px;\"><span style=\"font-size: 10pt;\">F\u00fcr die Vollst\u00e4ndigkeit, Richtigkeit und Aktualit\u00e4t des Informationsangebotes wird keine Haftung \u00fcbernommen. Dar\u00fcber hinaus wird jegliche Haftung, insbesondere f\u00fcr eventuelle<br \/>\nSch\u00e4den oder Konsequenzen, die durch die Nutzung des angebotenen Text- und Bildmaterials entstehen ausgeschlossen.<\/span><\/p>\n<p style=\"padding-left: 200px;\"><span style=\"font-size: 10pt;\">Die Inhalte (Bilder und Texte) auf dieser und allen zu diesem Informationsangebot geh\u00f6renden Seiten sowie die Gestaltung der Seiten unterliegen, soweit nichts gegenteiliges<br \/>\nangegeben ist, dem Urheberrecht von Christian H\u00fcbschen. Der Download von Bildern und Texten ist nicht gestattet.<\/span><\/p>\n<p style=\"padding-left: 200px;\"><span style=\"font-size: 10pt;\">Mit Urteil vom 12. Mai 1998, &#8222;Haftung f\u00fcr Links&#8220;, hat das Landgericht Hamburg entschieden, dass man durch das Einf\u00fcgen eines Links die Inhalte der verlinkten Seite gegebenenfalls<br \/>\nmit zu verantworten hat. Dies kann nur dadurch verhindert werden, indem man sich ausdr\u00fccklich von diesen Inhalten distanziert.<\/span><\/p>\n<p style=\"padding-left: 200px;\"><span style=\"font-size: 10pt;\">Ich distanziere mich hiermit ausdr\u00fccklich von s\u00e4mtlichen Inhalten aller verlinkten Seiten auf dieser Internetseite. Diese Erkl\u00e4rung gilt f\u00fcr alle auf meiner Internetseite\/Homepage\/Website<br \/>\neingef\u00fcgten Links.<\/span><\/p>\n<p style=\"padding-left: 200px;\"><span style=\"font-size: 10pt;\">Die Verantwortung f\u00fcr diese liegt ausschliesslich bei den jeweilig Verantwortlichen.<\/span><\/p>\n<p style=\"padding-left: 200px;\"><span style=\"font-size: 10pt;\"><a href=\"http:\/\/www.disclaimer.de\/disclaimer.htm?farbe=E5E5FF\/000088\/1111FF\/1111FF\" target=\"_blank\" rel=\"noopener noreferrer\">Haftungsausschluss\u00a0<\/a><\/span><\/p>\n<p>&nbsp;<\/p>\n","protected":false},"excerpt":{"rendered":"<p>Impressum Angaben gem\u00e4\u00df \u00a7 5 TMG: &#8222;http:\/\/www.itberatungsleistungen.de&#8220; &#8222;http:\/\/www.it-beratungsleistungen.de&#8220; &#8222;http:\/\/www.itberatungsleistung.de&#8220; &#8222;http:\/\/www.it-beratungsleistung.de&#8220; &#8222;http:\/\/www.it-b24.de&#8220; &#8222;http:\/\/www.c-huebschen.de&#8220; IT-Beratungsleistungen Christian H\u00fcbschen Eichelweg 11 61276 Weilrod Telefon: 0 60 83 &#8211; 95 89 46 Telefax: 0 60 83 &#8211; 95 99 78 7 USt-IdNr.: DE 246008486 F\u00fcr die Vollst\u00e4ndigkeit, Richtigkeit und Aktualit\u00e4t des Informationsangebotes wird keine Haftung \u00fcbernommen. Dar\u00fcber hinaus wird jegliche&#8230;<\/p>\n","protected":false},"author":1,"featured_media":0,"parent":0,"menu_order":23,"comment_status":"closed","ping_status":"closed","template":"","meta":{"footnotes":""},"class_list":["post-6088","page","type-page","status-publish","hentry"],"aioseo_notices":[],"_links":{"self":[{"href":"https:\/\/itberatungsleistungen.de\/index.php?rest_route=\/wp\/v2\/pages\/6088","targetHints":{"allow":["GET"]}}],"collection":[{"href":"https:\/\/itberatungsleistungen.de\/index.php?rest_route=\/wp\/v2\/pages"}],"about":[{"href":"https:\/\/itberatungsleistungen.de\/index.php?rest_route=\/wp\/v2\/types\/page"}],"author":[{"embeddable":true,"href":"https:\/\/itberatungsleistungen.de\/index.php?rest_route=\/wp\/v2\/users\/1"}],"replies":[{"embeddable":true,"href":"https:\/\/itberatungsleistungen.de\/index.php?rest_route=%2Fwp%2Fv2%2Fcomments&post=6088"}],"version-history":[{"count":31,"href":"https:\/\/itberatungsleistungen.de\/index.php?rest_route=\/wp\/v2\/pages\/6088\/revisions"}],"predecessor-version":[{"id":6986,"href":"https:\/\/itberatungsleistungen.de\/index.php?rest_route=\/wp\/v2\/pages\/6088\/revisions\/6986"}],"wp:attachment":[{"href":"https:\/\/itberatungsleistungen.de\/index.php?rest_route=%2Fwp%2Fv2%2Fmedia&parent=6088"}],"curies":[{"name":"wp","href":"https:\/\/api.w.org\/{rel}","templated":true}]}}