{"id":6412,"date":"2019-07-08T07:36:13","date_gmt":"2019-07-08T07:36:13","guid":{"rendered":"http:\/\/vb.c-huebschen.de\/?page_id=6412"},"modified":"2022-05-19T12:34:24","modified_gmt":"2022-05-19T12:34:24","slug":"arbeitsplatz","status":"publish","type":"page","link":"https:\/\/itberatungsleistungen.de\/?page_id=6412","title":{"rendered":"Webhosting"},"content":{"rendered":"<section class=\"l-section wpb_row height_auto width_full color_primary\"><div class=\"l-section-h i-cf\"><div class=\"g-cols vc_row via_flex valign_top type_default stacking_default\"><div class=\"vc_col-sm-12 wpb_column vc_column_container\"><div class=\"vc_column-inner\"><div class=\"wpb_wrapper\">\n\t\t\t<!-- START webhisting REVOLUTION SLIDER 6.7.40 --><p class=\"rs-p-wp-fix\"><\/p>\n\t\t\t<rs-module-wrap id=\"rev_slider_24_1_wrapper\" data-source=\"gallery\" style=\"visibility:hidden;background:transparent;padding:0;margin:0px auto;margin-top:0;margin-bottom:0;\">\n\t\t\t\t<rs-module id=\"rev_slider_24_1\" style=\"\" data-version=\"6.7.40\">\n\t\t\t\t\t<rs-slides style=\"overflow: hidden; position: absolute;\">\n\t\t\t\t\t\t<rs-slide style=\"position: absolute;\" data-key=\"rs-54\" data-title=\"Slide\" data-anim=\"ms:600;r:0;\" data-in=\"o:0;\" data-out=\"a:false;\">\n\t\t\t\t\t\t\t<img decoding=\"async\" src=\"\/\/itberatungsleistungen.de\/wp-content\/plugins\/revslider\/sr6\/assets\/assets\/dummy.png\" alt=\"\" title=\"server-1235959_1280\" width=\"1280\" height=\"853\" class=\"rev-slidebg tp-rs-img rs-lazyload\" data-lazyload=\"\/\/itberatungsleistungen.de\/wp-content\/uploads\/2020\/11\/server-1235959_1280.jpg\" data-parallax=\"off\" data-no-retina>\n<!---->\t\t\t\t\t<\/rs-slide>\n\t\t\t\t\t<\/rs-slides>\n\t\t\t\t<\/rs-module>\n\t\t\t\t<script>\n\t\t\t\t\tsetREVStartSize({c: 'rev_slider_24_1',rl:[1024,1024,778,480],el:[600,600,500,400],gw:[1240,1024,778,480],gh:[600,600,500,400],type:'standard',justify:'',layout:'fullwidth',mh:\"0\"});if (window.RS_MODULES!==undefined && window.RS_MODULES.modules!==undefined && window.RS_MODULES.modules[\"revslider241\"]!==undefined) {window.RS_MODULES.modules[\"revslider241\"].once = false;window.revapi24 = undefined;if (window.RS_MODULES.checkMinimal!==undefined) window.RS_MODULES.checkMinimal()}\n\t\t\t\t<\/script>\n\t\t\t<\/rs-module-wrap>\n\t\t\t<!-- END REVOLUTION SLIDER -->\n<\/div><\/div><\/div><\/div><\/div><\/section>\n<p>&nbsp;<\/p>\n<div>\n<h3 style=\"padding-left: 160px;\"><span style=\"font-size: 26pt;\">Webhosting<\/span><\/h3>\n<p>&nbsp;<\/p>\n<\/div>\n<div>\n<p class=\"bodytext\" style=\"padding-left: 200px;\">Wir bieten Webhosting auf unseren eigenen Servern in sehr hoher Qualit\u00e4t an. Dadurch k\u00f6nnen wir Ihnen ein Individuell auf Ihre Bed\u00fcrfnisse<br \/>\nzugeschnittenes Paket anbieten.<\/p>\n<p style=\"padding-left: 200px;\"><a title=\"Kontakt\" href=\"https:\/\/itberatungsleistungen.de\/?page_id=5796\">Fragen Sie uns nach Ihrem individuellen Preis<\/a><\/p>\n<p>&nbsp;<\/p>\n<\/div>\n<div>\n<h3 style=\"padding-left: 160px;\"><span style=\"font-size: 26pt;\">Unsere Hostingpakete &#8230;<\/span><\/h3>\n<\/div>\n<table width=\"666\">\n<tbody>\n<tr>\n<td><\/td>\n<td>1DE100<\/td>\n<td>1COM100<\/td>\n<td>1EU100<\/td>\n<td>1NET100<\/td>\n<td>1INFO100<\/td>\n<td>1BIZ100<\/td>\n<td>1MOBI100<\/td>\n<\/tr>\n<tr>\n<td>Speicherplatz<\/td>\n<td>100 MB<\/td>\n<td>100 MB<\/td>\n<td>100 MB<\/td>\n<td>100 MB<\/td>\n<td>100 MB<\/td>\n<td>100 MB<\/td>\n<td>100 MB<\/td>\n<\/tr>\n<tr>\n<td>Domain enthalten<\/td>\n<td>1 x .de<\/td>\n<td>1 x .com<\/td>\n<td>1 x .eu<\/td>\n<td>1 x .net<\/td>\n<td>1 x .info<\/td>\n<td>1 x .biz<\/td>\n<td>1 x .mobil<\/td>\n<\/tr>\n<tr>\n<td>Transfervolumen<\/td>\n<td>512 MB<\/td>\n<td>512 MB<\/td>\n<td>512 MB<\/td>\n<td>512 MB<\/td>\n<td>512 MB<\/td>\n<td>512 MB<\/td>\n<td>512 MB<\/td>\n<\/tr>\n<tr>\n<td>POP3-Postf\u00e4cher<\/td>\n<td>1<\/td>\n<td>1<\/td>\n<td>1<\/td>\n<td>1<\/td>\n<td>1<\/td>\n<td>1<\/td>\n<td>1<\/td>\n<\/tr>\n<tr>\n<td>E-Mail-Adressen<\/td>\n<td>unbegrenzt<\/td>\n<td>unbegrenzt<\/td>\n<td>unbegrenzt<\/td>\n<td>unbegrenzt<\/td>\n<td>unbegrenzt<\/td>\n<td>unbegrenzt<\/td>\n<td>unbegrenzt<\/td>\n<\/tr>\n<tr>\n<td>Autoresponder<\/td>\n<td>unbegrenzt<\/td>\n<td>unbegrenzt<\/td>\n<td>unbegrenzt<\/td>\n<td>unbegrenzt<\/td>\n<td>unbegrenzt<\/td>\n<td>unbegrenzt<\/td>\n<td>unbegrenzt<\/td>\n<\/tr>\n<tr>\n<td>Spamschutz<\/td>\n<td>mit Aufpreis<\/td>\n<td>mit Aufpreis<\/td>\n<td>mit Aufpreis<\/td>\n<td>mit Aufpreis<\/td>\n<td>mit Aufpreis<\/td>\n<td>mit Aufpreis<\/td>\n<td>mit Aufpreis<\/td>\n<\/tr>\n<tr>\n<td>Virenschutz<\/td>\n<td>mit Aufpreis<\/td>\n<td>mit Aufpreis<\/td>\n<td>mit Aufpreis<\/td>\n<td>mit Aufpreis<\/td>\n<td>mit Aufpreis<\/td>\n<td>mit Aufpreis<\/td>\n<td>mit Aufpreis<\/td>\n<\/tr>\n<tr>\n<td>Domainverwaltung<\/td>\n<td>unbegrenzt<\/td>\n<td>unbegrenzt<\/td>\n<td>unbegrenzt<\/td>\n<td>unbegrenzt<\/td>\n<td>unbegrenzt<\/td>\n<td>unbegrenzt<\/td>\n<td>unbegrenzt<\/td>\n<\/tr>\n<tr>\n<td>Subdomains<\/td>\n<td>unbegrenzt<\/td>\n<td>unbegrenzt<\/td>\n<td>unbegrenzt<\/td>\n<td>unbegrenzt<\/td>\n<td>unbegrenzt<\/td>\n<td>unbegrenzt<\/td>\n<td>unbegrenzt<\/td>\n<\/tr>\n<tr>\n<td>Datenbanken<\/td>\n<td>1<\/td>\n<td>1<\/td>\n<td>1<\/td>\n<td>1<\/td>\n<td>1<\/td>\n<td>1<\/td>\n<td>1<\/td>\n<\/tr>\n<tr>\n<td>FTP-Benutzer<\/td>\n<td>unbegrenzt<\/td>\n<td>unbegrenzt<\/td>\n<td>unbegrenzt<\/td>\n<td>unbegrenzt<\/td>\n<td>unbegrenzt<\/td>\n<td>unbegrenzt<\/td>\n<td>unbegrenzt<\/td>\n<\/tr>\n<tr>\n<td>Preis pro Jahr<\/td>\n<td><a href=\"https:\/\/itberatungsleistungen.de\/?product=1de50\">\u20ac 43,50<\/a><\/td>\n<td><a href=\"https:\/\/itberatungsleistungen.de\/?product=1com50\">\u20ac 49,50<br \/>\n<\/a><\/td>\n<td><a href=\"https:\/\/itberatungsleistungen.de\/?product=1eu50\">\u20ac 49,50<br \/>\n<\/a><\/td>\n<td><a href=\"https:\/\/itberatungsleistungen.de\/?product=1net50\">\u20ac 49,50<br \/>\n<\/a><\/td>\n<td><a href=\"https:\/\/itberatungsleistungen.de\/?product=1info50\">\u20ac 49,50<br \/>\n<\/a><\/td>\n<td><a href=\"https:\/\/itberatungsleistungen.de\/?product=1biz50\">\u20ac 49,50<br \/>\n<\/a><\/td>\n<td><a href=\"https:\/\/itberatungsleistungen.de\/?product=1mobil50\">\u20ac 49,50<br \/>\n<\/a><\/td>\n<\/tr>\n<\/tbody>\n<\/table>\n<p>&nbsp;<\/p>\n<p style=\"padding-left: 160px;\"><a title=\"Kontakt\" href=\"https:\/\/itberatungsleistungen.de\/?page_id=5796\"><strong>Zum bestellen eines Pakets kontaktieren Sie uns!<\/strong><\/a><\/p>\n<h3 style=\"padding-left: 160px;\"><span style=\"font-size: 26pt;\">&#8230; frei erweiterbar &#8230; (Preise gelten pro Paket)<\/span><\/h3>\n<table width=\"570\">\n<tbody>\n<tr>\n<td>Produkt<\/td>\n<td>Aufpreis<\/td>\n<td>Berechnung<\/td>\n<td>Windows<\/td>\n<td>Linux<\/td>\n<\/tr>\n<tr>\n<td><\/td>\n<td><\/td>\n<td><\/td>\n<td><\/td>\n<td><\/td>\n<\/tr>\n<tr>\n<td>Plattformen (f\u00fcr nachfolgende Optionen)<\/td>\n<td><\/td>\n<td><\/td>\n<td><\/td>\n<td><\/td>\n<\/tr>\n<tr>\n<td>Windows-Hosting<\/td>\n<td>\u20ac 15,-<\/td>\n<td>monatlich<\/td>\n<td>x<\/td>\n<td>&#8211;<\/td>\n<\/tr>\n<tr>\n<td>Linux-Hosting<\/td>\n<td>kostenlos<\/td>\n<td>entf\u00e4llt<\/td>\n<td>&#8211;<\/td>\n<td>x<\/td>\n<\/tr>\n<tr>\n<td><\/td>\n<td><\/td>\n<td><\/td>\n<td><\/td>\n<td><\/td>\n<\/tr>\n<tr>\n<td>Grundlagen<\/td>\n<td><\/td>\n<td><\/td>\n<td><\/td>\n<td><\/td>\n<\/tr>\n<tr>\n<td>PLESK-Administration<\/td>\n<td>kostenlos<\/td>\n<td>entf\u00e4llt<\/td>\n<td>&#8211;<\/td>\n<td>x<\/td>\n<\/tr>\n<tr>\n<td>128 bit SSL-Funktionalit\u00e4t<\/td>\n<td>kostenlos<\/td>\n<td>entf\u00e4llt<\/td>\n<td>x<\/td>\n<td>x<\/td>\n<\/tr>\n<tr>\n<td>256 bit SSL-Funktionalit\u00e4t<\/td>\n<td>kostenlos<\/td>\n<td>entf\u00e4llt<\/td>\n<td>&#8211;<\/td>\n<td>x<\/td>\n<\/tr>\n<tr>\n<td>MySQL-Datenbanken<\/td>\n<td>je nach Paket<\/td>\n<td>monatlich<\/td>\n<td>x<\/td>\n<td>x<\/td>\n<\/tr>\n<tr>\n<td>ODBC-Datenquellen<\/td>\n<td>je nach Paket<\/td>\n<td>monatlich<\/td>\n<td>x<\/td>\n<td>&#8211;<\/td>\n<\/tr>\n<tr>\n<td>SMTP-Unterst\u00fctzung<\/td>\n<td>je nach Paket<\/td>\n<td>monatlich<\/td>\n<td>x<\/td>\n<td>x<\/td>\n<\/tr>\n<tr>\n<td>POP3-Unterst\u00fctzung<\/td>\n<td>je nach Paket<\/td>\n<td>monatlich<\/td>\n<td>x<\/td>\n<td>x<\/td>\n<\/tr>\n<tr>\n<td>IMAP4-Unterst\u00fctzung<\/td>\n<td>je nach Paket<\/td>\n<td>monatlich<\/td>\n<td>x<\/td>\n<td>x<\/td>\n<\/tr>\n<tr>\n<td><\/td>\n<td><\/td>\n<td><\/td>\n<td><\/td>\n<td><\/td>\n<\/tr>\n<tr>\n<td>Skriptsprachen<\/td>\n<td><\/td>\n<td><\/td>\n<td><\/td>\n<td><\/td>\n<\/tr>\n<tr>\n<td>ASP-Unterst\u00fctzung<\/td>\n<td>kostenlos<\/td>\n<td>entf\u00e4llt<\/td>\n<td>x<\/td>\n<td>&#8211;<\/td>\n<\/tr>\n<tr>\n<td>ColdFusion-Unterst\u00fctzung<\/td>\n<td>\u20ac 15,-<\/td>\n<td>monatlich<\/td>\n<td>x<\/td>\n<td>&#8211;<\/td>\n<\/tr>\n<tr>\n<td>ColdFusion MX-Unterst\u00fctzung<\/td>\n<td>\u20ac 15,-<\/td>\n<td>monatlich<\/td>\n<td>&#8211;<\/td>\n<td>x<\/td>\n<\/tr>\n<tr>\n<td>PHP-Unterst\u00fctzung<\/td>\n<td>kostenlos<\/td>\n<td>entf\u00e4llt<\/td>\n<td>x<\/td>\n<td>x<\/td>\n<\/tr>\n<tr>\n<td>Perl\/CGI-Unterst\u00fctzung<\/td>\n<td>kostenlos<\/td>\n<td>entf\u00e4llt<\/td>\n<td>&#8211;<\/td>\n<td>x<\/td>\n<\/tr>\n<tr>\n<td>Python-Unterst\u00fctzung<\/td>\n<td>kostenlos<\/td>\n<td>entf\u00e4llt<\/td>\n<td>&#8211;<\/td>\n<td>x<\/td>\n<\/tr>\n<tr>\n<td>Ruby on Rails-Unterst\u00fctzung<\/td>\n<td>kostenlos<\/td>\n<td>entf\u00e4llt<\/td>\n<td>&#8211;<\/td>\n<td>x<\/td>\n<\/tr>\n<tr>\n<td><\/td>\n<td><\/td>\n<td><\/td>\n<td><\/td>\n<td><\/td>\n<\/tr>\n<tr>\n<td>PHP-Features<\/td>\n<td><\/td>\n<td><\/td>\n<td><\/td>\n<td><\/td>\n<\/tr>\n<tr>\n<td>Chart-Generierung<\/td>\n<td>\u20ac 15,-<\/td>\n<td>monatlich<\/td>\n<td>&#8211;<\/td>\n<td>x<\/td>\n<\/tr>\n<tr>\n<td>PDF-Generierung<\/td>\n<td>kostenlos<\/td>\n<td>entf\u00e4llt<\/td>\n<td>x<\/td>\n<td>x<\/td>\n<\/tr>\n<tr>\n<td>Grafikbearbeitung<\/td>\n<td>kostenlos<\/td>\n<td>entf\u00e4llt<\/td>\n<td>x<\/td>\n<td>x<\/td>\n<\/tr>\n<tr>\n<td>PDF-Bearbeitung (PDFlib)<\/td>\n<td>\u20ac 15,-<\/td>\n<td>monatlich<\/td>\n<td>x<\/td>\n<td>x<\/td>\n<\/tr>\n<tr>\n<td>Script-Ausf\u00fchrung<\/td>\n<td>kostenlos<\/td>\n<td>entf\u00e4llt<\/td>\n<td>x<\/td>\n<td>x<\/td>\n<\/tr>\n<tr>\n<td><\/td>\n<td><\/td>\n<td><\/td>\n<td><\/td>\n<td><\/td>\n<\/tr>\n<tr>\n<td>Unterst\u00fctzte Skripte (Auszug)<\/td>\n<td><\/td>\n<td><\/td>\n<td><\/td>\n<td><\/td>\n<\/tr>\n<tr>\n<td>Contenido-Unterst\u00fctzung<\/td>\n<td>kostenlos<\/td>\n<td>entf\u00e4llt<\/td>\n<td>&#8211;<\/td>\n<td>x<\/td>\n<\/tr>\n<tr>\n<td>Joomla-Unterst\u00fctzung<\/td>\n<td>kostenlos<\/td>\n<td>entf\u00e4llt<\/td>\n<td>&#8211;<\/td>\n<td>x<\/td>\n<\/tr>\n<tr>\n<td>Mambo-Unterst\u00fctzung<\/td>\n<td>kostenlos<\/td>\n<td>entf\u00e4llt<\/td>\n<td>&#8211;<\/td>\n<td>x<\/td>\n<\/tr>\n<tr>\n<td>Moodle-Unterst\u00fctzung<\/td>\n<td>kostenlos<\/td>\n<td>entf\u00e4llt<\/td>\n<td>&#8211;<\/td>\n<td>x<\/td>\n<\/tr>\n<tr>\n<td>OsCommerce-Unterst\u00fctzung<\/td>\n<td>kostenlos<\/td>\n<td>entf\u00e4llt<\/td>\n<td>&#8211;<\/td>\n<td>x<\/td>\n<\/tr>\n<tr>\n<td>Opensurveypilot-Unterst\u00fctzung<\/td>\n<td>kostenlos<\/td>\n<td>entf\u00e4llt<\/td>\n<td>&#8211;<\/td>\n<td>x<\/td>\n<\/tr>\n<tr>\n<td>phpBB-Unterst\u00fctzung<\/td>\n<td>kostenlos<\/td>\n<td>entf\u00e4llt<\/td>\n<td>&#8211;<\/td>\n<td>x<\/td>\n<\/tr>\n<tr>\n<td>Typo3-Unterst\u00fctzung<\/td>\n<td>kostenlos<\/td>\n<td>entf\u00e4llt<\/td>\n<td>&#8211;<\/td>\n<td>x<\/td>\n<\/tr>\n<tr>\n<td>WordPress-Unterst\u00fctzung<\/td>\n<td>kostenlos<\/td>\n<td>entf\u00e4llt<\/td>\n<td>&#8211;<\/td>\n<td>x<\/td>\n<\/tr>\n<tr>\n<td>xtCommerce-Unterst\u00fctzung<\/td>\n<td>kostenlos<\/td>\n<td>entf\u00e4llt<\/td>\n<td>&#8211;<\/td>\n<td>x<\/td>\n<\/tr>\n<tr>\n<td>Zen Cart-Unterst\u00fctzung<\/td>\n<td>kostenlos<\/td>\n<td>entf\u00e4llt<\/td>\n<td>&#8211;<\/td>\n<td>x<\/td>\n<\/tr>\n<tr>\n<td><\/td>\n<td><\/td>\n<td><\/td>\n<td><\/td>\n<td><\/td>\n<\/tr>\n<tr>\n<td>Add-ons<\/td>\n<td><\/td>\n<td><\/td>\n<td><\/td>\n<td><\/td>\n<\/tr>\n<tr>\n<td>Webmail (Horde)<\/td>\n<td>kostenlos<\/td>\n<td>entf\u00e4llt<\/td>\n<td>&#8211;<\/td>\n<td>x<\/td>\n<\/tr>\n<tr>\n<td>Professionelles Webmail (WorldClient Pro, b1gMail)<\/td>\n<td>\u20ac 15,-<\/td>\n<td>monatlich<\/td>\n<td>x<\/td>\n<td>&#8211;<\/td>\n<\/tr>\n<tr>\n<td>Webstatistiken<\/td>\n<td>kostenlos<\/td>\n<td>entf\u00e4llt<\/td>\n<td>&#8211;<\/td>\n<td>x<\/td>\n<\/tr>\n<tr>\n<td>Professionelle Webstatistiken (Wusage)<\/td>\n<td>\u20ac 15,-<\/td>\n<td>monatlich<\/td>\n<td>x<\/td>\n<td>x<\/td>\n<\/tr>\n<tr>\n<td><\/td>\n<td><\/td>\n<td><\/td>\n<td><\/td>\n<td><\/td>\n<\/tr>\n<tr>\n<td>Domain &amp; Faxdienste<\/td>\n<td><\/td>\n<td><\/td>\n<td><\/td>\n<td><\/td>\n<\/tr>\n<tr>\n<td>de-Domain (Registierung und DNS)<\/td>\n<td>\u20ac 15,-<a href=\"http:\/\/shop.itberatungsleistungen.de\/index.php?main_page=product_info&amp;cPath=1&amp;products_id=11\"><br \/>\n<\/a><\/td>\n<td>j\u00e4hrlich<\/td>\n<td>x<\/td>\n<td>x<\/td>\n<\/tr>\n<tr>\n<td>eu-Domain (Registierung und DNS)<\/td>\n<td>\u20ac 24,-<a href=\"http:\/\/shop.itberatungsleistungen.de\/index.php?main_page=product_info&amp;cPath=1&amp;products_id=12\"><br \/>\n<\/a><\/td>\n<td>j\u00e4hrlich<\/td>\n<td>x<\/td>\n<td>x<\/td>\n<\/tr>\n<tr>\n<td>com\/net\/org\/info\/biz-Domain (&#8222;)<\/td>\n<td>\u20ac 24,-<\/td>\n<td>j\u00e4hrlich<\/td>\n<td>x<\/td>\n<td>x<\/td>\n<\/tr>\n<tr>\n<td>Weitere Domains (z.B. ag\/at\/ch\/co.uk)<\/td>\n<td>auf Anfrage<\/td>\n<td>auf Anfrage<\/td>\n<td>x<\/td>\n<td>x<\/td>\n<\/tr>\n<tr>\n<td>Fax2Mail (01803-Nummer\/TIFF)<\/td>\n<td>kostenlos<\/td>\n<td>entf\u00e4llt<\/td>\n<td>&#8211;<\/td>\n<td>x<\/td>\n<\/tr>\n<tr>\n<td>Mail2Fax (Text\/PDF\/TIFF\/PS)<\/td>\n<td>\u20ac 35,-<\/td>\n<td>j\u00e4hrlich<\/td>\n<td>&#8211;<\/td>\n<td>x<\/td>\n<\/tr>\n<tr>\n<td><\/td>\n<td>\u20ac 0,30<\/td>\n<td>pro Minute<\/td>\n<td>&#8211;<\/td>\n<td>x<\/td>\n<\/tr>\n<tr>\n<td><\/td>\n<td><\/td>\n<td><\/td>\n<td><\/td>\n<td><\/td>\n<\/tr>\n<tr>\n<td>Erweiterungen<\/td>\n<td><\/td>\n<td><\/td>\n<td><\/td>\n<td><\/td>\n<\/tr>\n<tr>\n<td>1 Zusatzpostfach<\/td>\n<td>\u20ac 2,-<\/td>\n<td>monatlich<\/td>\n<td>x<\/td>\n<td>x<\/td>\n<\/tr>\n<tr>\n<td>5 Zusatzpostf\u00e4cher<\/td>\n<td>\u20ac 4-<\/td>\n<td>monatlich<\/td>\n<td>x<\/td>\n<td>x<\/td>\n<\/tr>\n<tr>\n<td>1 Zusatzdatenbank<\/td>\n<td>\u20ac 2,-<\/td>\n<td>monatlich<\/td>\n<td>x<\/td>\n<td>x<\/td>\n<\/tr>\n<tr>\n<td>5 Zusatzdatenbanken<\/td>\n<td>\u20ac 4-<\/td>\n<td>monatlich<\/td>\n<td>x<\/td>\n<td>x<\/td>\n<\/tr>\n<tr>\n<td>100 MB Zusatzspeicherplatz<\/td>\n<td>\u20ac 2-<\/td>\n<td>monatlich<\/td>\n<td>x<\/td>\n<td>x<\/td>\n<\/tr>\n<tr>\n<td>1 GB Zusatztransfervolumen<\/td>\n<td>\u20ac 2,-<\/td>\n<td>monatlich<\/td>\n<td>x<\/td>\n<td>x<\/td>\n<\/tr>\n<\/tbody>\n<\/table>\n<p style=\"padding-left: 160px;\"><a title=\"Kontakt\" href=\"https:\/\/itberatungsleistungen.de\/?page_id=5796\"><strong>Zum bestellen einer Erweiterung kontaktieren Sie uns!<\/strong><\/a><\/p>\n<p style=\"padding-left: 160px;\">Alle Preise verstehen sich\u00a0<strong>ohne<\/strong>\u00a0die gesetzliche Mehrwertsteuer.<\/p>\n<h3 style=\"padding-left: 160px;\"><span style=\"font-size: 26pt;\">Lieber ein eigener Server?<\/span><\/h3>\n<p style=\"padding-left: 160px;\">Gerne bieten wir Ihnen auch Ihren eigenen dedizierten Server, einzelne H\u00f6heneinheiten oder Rackstellpl\u00e4tze in unserem Rechenzentrum an.<\/p>\n<p style=\"padding-left: 160px;\"><a title=\"Kontakt\" href=\"https:\/\/itberatungsleistungen.de\/?page_id=5796\">Hierzu erstellen wir Ihnen gerne ein ganz individuelles Angebot nach Ihren W\u00fcnschen.<\/a><\/p>\n<p>&nbsp;<\/p>\n","protected":false},"excerpt":{"rendered":"<p>&nbsp; Webhosting &nbsp; Wir bieten Webhosting auf unseren eigenen Servern in sehr hoher Qualit\u00e4t an. Dadurch k\u00f6nnen wir Ihnen ein Individuell auf Ihre Bed\u00fcrfnisse zugeschnittenes Paket anbieten. Fragen Sie uns nach Ihrem individuellen Preis &nbsp; Unsere Hostingpakete &#8230; 1DE100 1COM100 1EU100 1NET100 1INFO100 1BIZ100 1MOBI100 Speicherplatz 100 MB 100 MB 100 MB 100 MB 100&#8230;<\/p>\n","protected":false},"author":1,"featured_media":0,"parent":0,"menu_order":0,"comment_status":"closed","ping_status":"closed","template":"","meta":{"footnotes":""},"class_list":["post-6412","page","type-page","status-publish","hentry"],"aioseo_notices":[],"_links":{"self":[{"href":"https:\/\/itberatungsleistungen.de\/index.php?rest_route=\/wp\/v2\/pages\/6412","targetHints":{"allow":["GET"]}}],"collection":[{"href":"https:\/\/itberatungsleistungen.de\/index.php?rest_route=\/wp\/v2\/pages"}],"about":[{"href":"https:\/\/itberatungsleistungen.de\/index.php?rest_route=\/wp\/v2\/types\/page"}],"author":[{"embeddable":true,"href":"https:\/\/itberatungsleistungen.de\/index.php?rest_route=\/wp\/v2\/users\/1"}],"replies":[{"embeddable":true,"href":"https:\/\/itberatungsleistungen.de\/index.php?rest_route=%2Fwp%2Fv2%2Fcomments&post=6412"}],"version-history":[{"count":22,"href":"https:\/\/itberatungsleistungen.de\/index.php?rest_route=\/wp\/v2\/pages\/6412\/revisions"}],"predecessor-version":[{"id":7001,"href":"https:\/\/itberatungsleistungen.de\/index.php?rest_route=\/wp\/v2\/pages\/6412\/revisions\/7001"}],"wp:attachment":[{"href":"https:\/\/itberatungsleistungen.de\/index.php?rest_route=%2Fwp%2Fv2%2Fmedia&parent=6412"}],"curies":[{"name":"wp","href":"https:\/\/api.w.org\/{rel}","templated":true}]}}