{"id":6417,"date":"2019-07-08T07:38:34","date_gmt":"2019-07-08T07:38:34","guid":{"rendered":"http:\/\/vb.c-huebschen.de\/?page_id=6417"},"modified":"2020-11-24T19:30:37","modified_gmt":"2020-11-24T19:30:37","slug":"vermoegensberatung","status":"publish","type":"page","link":"https:\/\/itberatungsleistungen.de\/?page_id=6417","title":{"rendered":"Grafikdesign &#038; Layout"},"content":{"rendered":"<section class=\"l-section wpb_row height_auto width_full color_primary\"><div class=\"l-section-h i-cf\"><div class=\"g-cols vc_row via_flex valign_top type_default stacking_default\"><div class=\"vc_col-sm-12 wpb_column vc_column_container\"><div class=\"vc_column-inner\"><div class=\"wpb_wrapper\">\n\t\t\t<!-- START grafik REVOLUTION SLIDER 6.7.40 --><p class=\"rs-p-wp-fix\"><\/p>\n\t\t\t<rs-module-wrap id=\"rev_slider_23_1_wrapper\" data-source=\"gallery\" style=\"visibility:hidden;background:transparent;padding:0;margin:0px auto;margin-top:0;margin-bottom:0;\">\n\t\t\t\t<rs-module id=\"rev_slider_23_1\" style=\"\" data-version=\"6.7.40\">\n\t\t\t\t\t<rs-slides style=\"overflow: hidden; position: absolute;\">\n\t\t\t\t\t\t<rs-slide style=\"position: absolute;\" data-key=\"rs-53\" data-title=\"Slide\" data-anim=\"ms:600;r:0;\" data-in=\"o:0;\" data-out=\"a:false;\">\n\t\t\t\t\t\t\t<img decoding=\"async\" src=\"\/\/itberatungsleistungen.de\/wp-content\/plugins\/revslider\/sr6\/assets\/assets\/dummy.png\" alt=\"\" title=\"grafikdesign\" width=\"1280\" height=\"400\" class=\"rev-slidebg tp-rs-img rs-lazyload\" data-lazyload=\"\/\/itberatungsleistungen.de\/wp-content\/uploads\/2020\/11\/grafikdesign.jpg\" data-parallax=\"off\" data-no-retina>\n<!---->\t\t\t\t\t<\/rs-slide>\n\t\t\t\t\t<\/rs-slides>\n\t\t\t\t<\/rs-module>\n\t\t\t\t<script>\n\t\t\t\t\tsetREVStartSize({c: 'rev_slider_23_1',rl:[1024,1024,778,480],el:[600,600,500,400],gw:[1240,1024,778,480],gh:[600,600,500,400],type:'standard',justify:'',layout:'fullwidth',mh:\"0\"});if (window.RS_MODULES!==undefined && window.RS_MODULES.modules!==undefined && window.RS_MODULES.modules[\"revslider231\"]!==undefined) {window.RS_MODULES.modules[\"revslider231\"].once = false;window.revapi23 = undefined;if (window.RS_MODULES.checkMinimal!==undefined) window.RS_MODULES.checkMinimal()}\n\t\t\t\t<\/script>\n\t\t\t<\/rs-module-wrap>\n\t\t\t<!-- END REVOLUTION SLIDER -->\n<\/div><\/div><\/div><\/div><\/div><\/section>\n<p>&nbsp;<\/p>\n<div>\n<div>\n<div>\n<h3 style=\"padding-left: 200px;\"><span style=\"font-size: 26pt;\">Grafikdesign &amp; Layout<\/span><\/h3>\n<p>&nbsp;<\/p>\n<\/div>\n<div>\n<p class=\"bodytext\" style=\"padding-left: 240px;\">Wir konzipieren und gestalten Ihre Drucksachen und Werbematerialien.<br \/>\nPlakate, Poster, Logos, Flyer, Visitenkarten, Brosch\u00fcren\u2026<\/p>\n<p style=\"padding-left: 240px;\">Wir drucken diese in kleinen St\u00fcckzahlen selbst oder geben gro\u00dfe St\u00fcckzahlen an unsere Partner weiter.<span class=\"apple-converted-space\">\u00a0<\/span><\/p>\n<p style=\"padding-left: 240px;\">Gerne \u00fcbernehmen wir vorhandene Daten in g\u00e4ngigen Formaten (n\u00e4heres siehe unten).<\/p>\n<p style=\"padding-left: 240px;\">Unser bevorzugtes Format f\u00fcr Druckdaten ist PDF.<span class=\"apple-converted-space\">\u00a0<\/span><br \/>\nWir k\u00f6nnen Daten in den folgenden Formaten verarbeiten:<\/p>\n<p style=\"padding-left: 240px;\"><i>Vektorformate:<\/i><span class=\"apple-converted-space\">\u00a0<\/span>Adobe Illustrator (.ai), Macromedia Freehand (.fh), Corel Draw (.cdr)<\/p>\n<p style=\"padding-left: 240px;\"><i>Bitmapformate:<\/i><span class=\"apple-converted-space\">\u00a0<\/span>.jpg\/.jpeg, .tif\/.tiff, .bmp, .gif<\/p>\n<p style=\"padding-left: 240px;\"><i>Daten aus Layoutprogrammen:<span class=\"apple-converted-space\">\u00a0<\/span><\/i>Adobe InDesign, Quark XPress<\/p>\n<p style=\"padding-left: 240px;\"><a title=\"Kontakt\" href=\"https:\/\/itberatungsleistungen.de\/?page_id=5796\">Weitere Formate auf Anfrage<\/a><\/p>\n<p>&nbsp;<\/p>\n<\/div>\n<\/div>\n<div>\n<p class=\"bodytext\" style=\"padding-left: 160px;\">\n<\/div>\n<\/div>\n<p style=\"padding-left: 80px;\"><img loading=\"lazy\" decoding=\"async\" class=\"alignnone size-medium wp-image-6799\" src=\"https:\/\/itberatungsleistungen.de\/wp-content\/uploads\/2020\/11\/maurer_flyer-300x275.jpg\" alt=\"\" width=\"300\" height=\"275\" srcset=\"https:\/\/itberatungsleistungen.de\/wp-content\/uploads\/2020\/11\/maurer_flyer-300x275.jpg 300w, https:\/\/itberatungsleistungen.de\/wp-content\/uploads\/2020\/11\/maurer_flyer.jpg 450w\" sizes=\"auto, (max-width: 300px) 100vw, 300px\" \/>\u00a0 \u00a0 <img loading=\"lazy\" decoding=\"async\" class=\"alignnone size-medium wp-image-6809\" src=\"https:\/\/itberatungsleistungen.de\/wp-content\/uploads\/2020\/11\/kommunion-300x180.jpg\" alt=\"\" width=\"300\" height=\"180\" srcset=\"https:\/\/itberatungsleistungen.de\/wp-content\/uploads\/2020\/11\/kommunion-300x180.jpg 300w, https:\/\/itberatungsleistungen.de\/wp-content\/uploads\/2020\/11\/kommunion.jpg 450w\" sizes=\"auto, (max-width: 300px) 100vw, 300px\" \/>\u00a0 \u00a0\u00a0<img loading=\"lazy\" decoding=\"async\" class=\"alignnone size-medium wp-image-6810\" src=\"https:\/\/itberatungsleistungen.de\/wp-content\/uploads\/2020\/11\/maurer_katalog-300x212.jpg\" alt=\"\" width=\"300\" height=\"212\" srcset=\"https:\/\/itberatungsleistungen.de\/wp-content\/uploads\/2020\/11\/maurer_katalog-300x212.jpg 300w, https:\/\/itberatungsleistungen.de\/wp-content\/uploads\/2020\/11\/maurer_katalog.jpg 450w\" sizes=\"auto, (max-width: 300px) 100vw, 300px\" \/>\u00a0 \u00a0 <img loading=\"lazy\" decoding=\"async\" class=\"alignnone size-medium wp-image-6813\" src=\"https:\/\/itberatungsleistungen.de\/wp-content\/uploads\/2020\/11\/beauty-300x180.jpg\" alt=\"\" width=\"300\" height=\"180\" srcset=\"https:\/\/itberatungsleistungen.de\/wp-content\/uploads\/2020\/11\/beauty-300x180.jpg 300w, https:\/\/itberatungsleistungen.de\/wp-content\/uploads\/2020\/11\/beauty.jpg 450w\" sizes=\"auto, (max-width: 300px) 100vw, 300px\" \/><\/p>\n<div>\n<p>&nbsp;<\/p>\n<\/div>\n","protected":false},"excerpt":{"rendered":"<p>&nbsp; Grafikdesign &amp; Layout &nbsp; Wir konzipieren und gestalten Ihre Drucksachen und Werbematerialien. Plakate, Poster, Logos, Flyer, Visitenkarten, Brosch\u00fcren\u2026 Wir drucken diese in kleinen St\u00fcckzahlen selbst oder geben gro\u00dfe St\u00fcckzahlen an unsere Partner weiter.\u00a0 Gerne \u00fcbernehmen wir vorhandene Daten in g\u00e4ngigen Formaten (n\u00e4heres siehe unten). Unser bevorzugtes Format f\u00fcr Druckdaten ist PDF.\u00a0 Wir k\u00f6nnen Daten&#8230;<\/p>\n","protected":false},"author":1,"featured_media":0,"parent":0,"menu_order":0,"comment_status":"closed","ping_status":"closed","template":"","meta":{"footnotes":""},"class_list":["post-6417","page","type-page","status-publish","hentry"],"aioseo_notices":[],"_links":{"self":[{"href":"https:\/\/itberatungsleistungen.de\/index.php?rest_route=\/wp\/v2\/pages\/6417","targetHints":{"allow":["GET"]}}],"collection":[{"href":"https:\/\/itberatungsleistungen.de\/index.php?rest_route=\/wp\/v2\/pages"}],"about":[{"href":"https:\/\/itberatungsleistungen.de\/index.php?rest_route=\/wp\/v2\/types\/page"}],"author":[{"embeddable":true,"href":"https:\/\/itberatungsleistungen.de\/index.php?rest_route=\/wp\/v2\/users\/1"}],"replies":[{"embeddable":true,"href":"https:\/\/itberatungsleistungen.de\/index.php?rest_route=%2Fwp%2Fv2%2Fcomments&post=6417"}],"version-history":[{"count":19,"href":"https:\/\/itberatungsleistungen.de\/index.php?rest_route=\/wp\/v2\/pages\/6417\/revisions"}],"predecessor-version":[{"id":6976,"href":"https:\/\/itberatungsleistungen.de\/index.php?rest_route=\/wp\/v2\/pages\/6417\/revisions\/6976"}],"wp:attachment":[{"href":"https:\/\/itberatungsleistungen.de\/index.php?rest_route=%2Fwp%2Fv2%2Fmedia&parent=6417"}],"curies":[{"name":"wp","href":"https:\/\/api.w.org\/{rel}","templated":true}]}}